{"id":184,"date":"2022-04-22T08:47:08","date_gmt":"2022-04-22T08:47:08","guid":{"rendered":"https:\/\/internetokalviai.lt\/?page_id=184"},"modified":"2022-10-12T21:21:23","modified_gmt":"2022-10-12T21:21:23","slug":"pagrindinis-2","status":"publish","type":"page","link":"https:\/\/besmartbedigital.com\/","title":{"rendered":"Pagrindinis"},"content":{"rendered":"","protected":false},"excerpt":{"rendered":"","protected":false},"author":1,"featured_media":0,"parent":0,"menu_order":0,"comment_status":"closed","ping_status":"closed","template":"","meta":{"_seopress_robots_primary_cat":"","_seopress_titles_title":"Interneto Kalviai | Internetini\u0173 svetaini\u0173 k\u016brimas","_seopress_titles_desc":"Profesionalios internetini\u0173 svetaini\u0173 k\u016brimo paslaugos, internetini\u0173 svetaini\u0173 prie\u017ei\u016bra, SEO.","_seopress_robots_index":"","footnotes":""},"class_list":["post-184","page","type-page","status-publish","hentry"],"_links":{"self":[{"href":"https:\/\/besmartbedigital.com\/index.php\/wp-json\/wp\/v2\/pages\/184","targetHints":{"allow":["GET"]}}],"collection":[{"href":"https:\/\/besmartbedigital.com\/index.php\/wp-json\/wp\/v2\/pages"}],"about":[{"href":"https:\/\/besmartbedigital.com\/index.php\/wp-json\/wp\/v2\/types\/page"}],"author":[{"embeddable":true,"href":"https:\/\/besmartbedigital.com\/index.php\/wp-json\/wp\/v2\/users\/1"}],"replies":[{"embeddable":true,"href":"https:\/\/besmartbedigital.com\/index.php\/wp-json\/wp\/v2\/comments?post=184"}],"version-history":[{"count":1,"href":"https:\/\/besmartbedigital.com\/index.php\/wp-json\/wp\/v2\/pages\/184\/revisions"}],"predecessor-version":[{"id":186,"href":"https:\/\/besmartbedigital.com\/index.php\/wp-json\/wp\/v2\/pages\/184\/revisions\/186"}],"wp:attachment":[{"href":"https:\/\/besmartbedigital.com\/index.php\/wp-json\/wp\/v2\/media?parent=184"}],"curies":[{"name":"wp","href":"https:\/\/api.w.org\/{rel}","templated":true}]}}